{"id":319,"date":"2022-04-19T19:17:36","date_gmt":"2022-04-19T19:17:36","guid":{"rendered":"https:\/\/castreetvendors.org\/toma-accion\/gracias-por-hacer-la-llamada\/"},"modified":"2022-05-17T16:53:31","modified_gmt":"2022-05-17T16:53:31","slug":"gracias","status":"publish","type":"page","link":"https:\/\/castreetvendors.org\/es\/toma-accion\/gracias\/","title":{"rendered":"Gracias por hacer la llamada."},"content":{"rendered":"\n<p><strong>La llamada va a comenzar en breve. Puntos de discusi\u00f3n clave.<\/strong><\/p>\n\n\n<div class=\"wp-block-list\">\n<ul><li>La comunidad de vendedores ambulantes y defensores luchando contra la discriminaci\u00f3n en todas sus formas respaldan el SB 972.<\/li><li>Les vendedores ambulantes contribuyen a las econom\u00edas locales de California. Proveen empleos de calidad, en adici\u00f3n a opciones de alimentos asequibles y confiables para las comunidades que viven en desiertos alimentarios por toda California.<\/li><li>Aprueba el SB 972 para que podamos modernizar el C\u00f3digo de Alimentos al Detal de California [Retail Food Code] y remueve barreras para accesar permisos para las ventas ambulantes para miles de peque\u00f1as empresas.<\/li><\/ul>\n<\/div>\n\n\n<p>Otra cosa \u2013 \u00bfpuedes decirle a une amigue que haga una llamada tambi\u00e9n?<\/p>\n\n\n<p>[social-share color=&#8221;primary&#8221; url=&#8221;https:\/\/castreetvendors.org\/take-action&#8221;]Call the CA State Senate to voice your support for Senate Bill 972 \u2013 a bill that would modernize the state\u2019s food code, protect street vending, &amp; bolster the hard working vendors that contribute to the state.[\/social-share]<\/p>\n","protected":false},"excerpt":{"rendered":"<p>La llamada va a comenzar en breve. Puntos de discusi\u00f3n clave. La comunidad de vendedores ambulantes y defensores luchando contra la discriminaci\u00f3n en todas sus formas respaldan el SB 972. Les vendedores ambulantes contribuyen a las econom\u00edas locales de California. Proveen empleos de calidad, en adici\u00f3n a opciones de alimentos asequibles y confiables para las &hellip; <a href=\"https:\/\/castreetvendors.org\/es\/toma-accion\/gracias\/\">Continued<\/a><\/p>\n","protected":false},"author":1,"featured_media":0,"parent":223,"menu_order":0,"comment_status":"closed","ping_status":"closed","template":"","meta":{"_acf_changed":false,"inline_featured_image":false,"footnotes":""},"acf":[],"_links":{"self":[{"href":"https:\/\/castreetvendors.org\/es\/wp-json\/wp\/v2\/pages\/319"}],"collection":[{"href":"https:\/\/castreetvendors.org\/es\/wp-json\/wp\/v2\/pages"}],"about":[{"href":"https:\/\/castreetvendors.org\/es\/wp-json\/wp\/v2\/types\/page"}],"author":[{"embeddable":true,"href":"https:\/\/castreetvendors.org\/es\/wp-json\/wp\/v2\/users\/1"}],"replies":[{"embeddable":true,"href":"https:\/\/castreetvendors.org\/es\/wp-json\/wp\/v2\/comments?post=319"}],"version-history":[{"count":3,"href":"https:\/\/castreetvendors.org\/es\/wp-json\/wp\/v2\/pages\/319\/revisions"}],"predecessor-version":[{"id":396,"href":"https:\/\/castreetvendors.org\/es\/wp-json\/wp\/v2\/pages\/319\/revisions\/396"}],"up":[{"embeddable":true,"href":"https:\/\/castreetvendors.org\/es\/wp-json\/wp\/v2\/pages\/223"}],"wp:attachment":[{"href":"https:\/\/castreetvendors.org\/es\/wp-json\/wp\/v2\/media?parent=319"}],"curies":[{"name":"wp","href":"https:\/\/api.w.org\/{rel}","templated":true}]}}