{"id":381,"date":"2022-05-16T20:44:54","date_gmt":"2022-05-16T20:44:54","guid":{"rendered":"https:\/\/castreetvendors.org\/llama-al-senado-de-california\/"},"modified":"2022-05-24T21:37:41","modified_gmt":"2022-05-24T21:37:41","slug":"llamar","status":"publish","type":"page","link":"https:\/\/castreetvendors.org\/es\/llamar\/","title":{"rendered":"Llama al Senado de California"},"content":{"rendered":"\n<p>Les vendedores ambulantes son vitales para las econom\u00edas locales de barrios a trav\u00e9s de toda California. Desde frutas frescas hasta los famosos hot dogs de Los \u00c1ngeles, los alimentos y recursos que les vendedores ambulantes proveen alimentan y sostienen a nuestras comunidades.<\/p>\n\n<p>Aqu\u00ed esta el problema: los permisos que se requieren para vender legalmente son casi imposibles de obtener. Eso es por naturaleza.<\/p>\n\n<p><strong>Proyecto de Ley del Senado 972 se puede arreglar esto.\u00a0<\/strong><\/p>\n\n<p>El Senado estatal est\u00e1 a punto de votar sobre SB972.<\/p>\n\n<p>Llama al Comit\u00e9 de Salubridad del Senado de California para expresar tu apoyo por el Proyecto de Ley del Senado 972 &#8211; un proyecto de ley que modernizar\u00eda el c\u00f3digo de alimentos del estado, proteger\u00eda la venta ambulante y reforzar\u00eda a les vendedores que contribuyen a la cultura y vitalidad de nuestro estado. <\/p>\n","protected":false},"excerpt":{"rendered":"<p>Les vendedores ambulantes son vitales para las econom\u00edas locales de barrios a trav\u00e9s de toda California. Desde frutas frescas hasta los famosos hot dogs de Los \u00c1ngeles, los alimentos y recursos que les vendedores ambulantes proveen alimentan y sostienen a nuestras comunidades. Aqu\u00ed esta el problema: los permisos que se requieren para vender legalmente son &hellip; <a href=\"https:\/\/castreetvendors.org\/es\/llamar\/\">Continued<\/a><\/p>\n","protected":false},"author":5,"featured_media":0,"parent":0,"menu_order":0,"comment_status":"closed","ping_status":"closed","template":"","meta":{"_acf_changed":false,"inline_featured_image":false,"footnotes":""},"acf":[],"_links":{"self":[{"href":"https:\/\/castreetvendors.org\/es\/wp-json\/wp\/v2\/pages\/381"}],"collection":[{"href":"https:\/\/castreetvendors.org\/es\/wp-json\/wp\/v2\/pages"}],"about":[{"href":"https:\/\/castreetvendors.org\/es\/wp-json\/wp\/v2\/types\/page"}],"author":[{"embeddable":true,"href":"https:\/\/castreetvendors.org\/es\/wp-json\/wp\/v2\/users\/5"}],"replies":[{"embeddable":true,"href":"https:\/\/castreetvendors.org\/es\/wp-json\/wp\/v2\/comments?post=381"}],"version-history":[{"count":11,"href":"https:\/\/castreetvendors.org\/es\/wp-json\/wp\/v2\/pages\/381\/revisions"}],"predecessor-version":[{"id":436,"href":"https:\/\/castreetvendors.org\/es\/wp-json\/wp\/v2\/pages\/381\/revisions\/436"}],"wp:attachment":[{"href":"https:\/\/castreetvendors.org\/es\/wp-json\/wp\/v2\/media?parent=381"}],"curies":[{"name":"wp","href":"https:\/\/api.w.org\/{rel}","templated":true}]}}