{"id":433,"date":"2022-05-18T21:06:20","date_gmt":"2022-05-18T21:06:20","guid":{"rendered":"https:\/\/castreetvendors.org\/llamar\/gracias-por-hacer-la-llamada\/"},"modified":"2022-05-18T21:06:20","modified_gmt":"2022-05-18T21:06:20","slug":"gracias-por-hacer-la-llamada","status":"publish","type":"page","link":"https:\/\/castreetvendors.org\/es\/llamar\/gracias-por-hacer-la-llamada\/","title":{"rendered":"Gracias por hacer la llamada."},"content":{"rendered":"\n<h3 class=\"wp-block-heading\" class=\"wp-block-heading\" id=\"la-llamada-va-a-comenzar-en-breve-puntos-de-discusion-clave\">La llamada va a comenzar en breve. Puntos de discusi\u00f3n clave.<\/h3>\n<div class=\"wp-block-list\">\n<ul><li>La comunidad de vendedores ambulantes y defensores luchando contra la discriminaci\u00f3n en todas sus formas respaldan el SB 972.<\/li><li>Les vendedores ambulantes contribuyen a las econom\u00edas locales de California. Proveen empleos de calidad, en adici\u00f3n a opciones de alimentos asequibles y confiables para las comunidades que viven en desiertos alimentarios por toda California.<\/li><li>Aprueba el SB 972 para que podamos modernizar el C\u00f3digo de Alimentos al Detal de California [Retail Food Code] y remueve barreras para accesar permisos para las ventas ambulantes para miles de peque\u00f1as empresas.<\/li><\/ul>\n<\/div>\n<p>Otra cosa \u2013 \u00bfpuedes decirle a une amigue que haga una llamada tambi\u00e9n?<\/p>\n<p>[social-share color=&#8221;primary&#8221; url=&#8221;https:\/\/castreetvendors.org\/call&#8221;]Ask CA State Senate to voice your support for Senate Bill 972 \u2013 a bill that would modernize the state\u2019s food code, protect street vending, &amp; bolster the hard working vendors that contribute to the state.[\/social-share]<\/p>\n","protected":false},"excerpt":{"rendered":"<p>La llamada va a comenzar en breve. Puntos de discusi\u00f3n clave. La comunidad de vendedores ambulantes y defensores luchando contra la discriminaci\u00f3n en todas sus formas respaldan el SB 972. Les vendedores ambulantes contribuyen a las econom\u00edas locales de California. Proveen empleos de calidad, en adici\u00f3n a opciones de alimentos asequibles y confiables para las &hellip; <a href=\"https:\/\/castreetvendors.org\/es\/llamar\/gracias-por-hacer-la-llamada\/\">Continued<\/a><\/p>\n","protected":false},"author":7,"featured_media":0,"parent":381,"menu_order":0,"comment_status":"closed","ping_status":"closed","template":"","meta":{"_acf_changed":false,"inline_featured_image":false,"footnotes":""},"acf":[],"_links":{"self":[{"href":"https:\/\/castreetvendors.org\/es\/wp-json\/wp\/v2\/pages\/433"}],"collection":[{"href":"https:\/\/castreetvendors.org\/es\/wp-json\/wp\/v2\/pages"}],"about":[{"href":"https:\/\/castreetvendors.org\/es\/wp-json\/wp\/v2\/types\/page"}],"author":[{"embeddable":true,"href":"https:\/\/castreetvendors.org\/es\/wp-json\/wp\/v2\/users\/7"}],"replies":[{"embeddable":true,"href":"https:\/\/castreetvendors.org\/es\/wp-json\/wp\/v2\/comments?post=433"}],"version-history":[{"count":1,"href":"https:\/\/castreetvendors.org\/es\/wp-json\/wp\/v2\/pages\/433\/revisions"}],"predecessor-version":[{"id":434,"href":"https:\/\/castreetvendors.org\/es\/wp-json\/wp\/v2\/pages\/433\/revisions\/434"}],"up":[{"embeddable":true,"href":"https:\/\/castreetvendors.org\/es\/wp-json\/wp\/v2\/pages\/381"}],"wp:attachment":[{"href":"https:\/\/castreetvendors.org\/es\/wp-json\/wp\/v2\/media?parent=433"}],"curies":[{"name":"wp","href":"https:\/\/api.w.org\/{rel}","templated":true}]}}