{"id":880,"date":"2025-02-10T12:56:14","date_gmt":"2025-02-10T12:56:14","guid":{"rendered":"https:\/\/castreetvendors.org\/organizacion-101\/"},"modified":"2025-02-10T12:56:14","modified_gmt":"2025-02-10T12:56:14","slug":"organizacion-101","status":"publish","type":"page","link":"https:\/\/castreetvendors.org\/es\/organizacion-101\/","title":{"rendered":"Organizaci\u00f3n 101"},"content":{"rendered":"<section class=\"section section--cta-full text-center min-h-screen bg-primary\" aria-label=\"Organizaci\u00f3n 101\"\n\n  >\n  \n  <div class=\"fluid-container grid-12 col-span-full row-span-full z-content partials--one-column\">\n  <div class=\"col-narrow\">\n    <div data-repeater=\"false\" class=\"partial-copy text-center space-y-inner\">\n  <p class=\"eyebrow\" >\n    Defensa\n  <\/p>  <h2 class=\"display display-1\" >\n    Organizaci\u00f3n 101\n  <\/h2>  <p class=\"subhead subhead-2\" >\n    Conoce a tus vecinos, con\u00e9ctate con aliados y activa tu comunidad con ideas expertas que te ayuden a elaborar tu propia campa\u00f1a pol\u00edtica local.\n  <\/p><\/div>  <\/div>\n<\/div><\/section>\n<section class=\"section section--sticky-50 grid-half bg-primary\"\n  aria-label=\"Presionar m\u00e1s\" \n  id=\"presionar-mas\"\n\n>\n\n  <div class=\"!justify-start items-start bg-primary stick-50--copy lg:sticky lg:top-0 h-auto\">\n          <div>\n      <div data-repeater=\"false\" class=\"partial-copy text-left space-y-inner\">\n  <p class=\"eyebrow\" >\n    Nuestro calendario\n  <\/p>  <h2 class=\"display display-2\" >\n    Presionar m\u00e1s\n  <\/h2> \n  <div class=\"partial-copy--lead-copy\">\n          <p class=\"partial-copy--lead\">La venta ambulante en California ha avanzado mucho, pero a\u00fan nos queda camino por recorrer.<\/p>\n              <div class=\"partial-copy--copy\"><p>Las pol\u00edticas de venta ambulante var\u00edan mucho de un distrito a otro, por lo que los vendedores de todo el estado siguen exigiendo protecciones y adaptaciones adicionales para que su actividad sea m\u00e1s f\u00e1cil y accesible. Como vimos con las leyes SB 946 y SB 972, la organizaci\u00f3n comunitaria es una estrategia eficaz para hacer olas y cambiar las leyes. <\/p>\n<\/div>\n      <\/div>\n<\/div>          <\/div>      <\/div>\n  <div class=\"items-start bg-primary mobile-first stick-50--items  lg:border-l-[3px] lg:border-black h-full\">\n          <ul class=\"list-none ml-0\">\n                  <li aria-label=\"2011 Comienza nuestro movimiento  \" class=\"border-b-[3px] border-black last:border-none\">\n                        \n\n                                    <div data-repeater=\"false\" class=\"partial-copy text-left space-y-min\">\n  <p class=\"subhead subhead-1 mb-0`\" class=\"mb-0`\">\n    2011 Comienza nuestro movimiento\n  <\/p> \n  <div class=\"partial-copy--lead-copy\">\n              <div class=\"partial-copy--copy\"><p>La Campa\u00f1a de Venta Ambulante de Los \u00c1ngeles (LASVC) se fund\u00f3 con el apoyo de organizaciones que trabajan en organizaci\u00f3n, desarrollo de pol\u00edticas, justicia alimentaria y justicia econ\u00f3mica.<\/p>\n<\/div>\n      <\/div>\n<\/div>          <\/li>\n                  <li aria-label=\"2018 Despenalizaci\u00f3n de la venta ambulante\" class=\"border-b-[3px] border-black last:border-none\">\n                        \n\n                                    <div data-repeater=\"false\" class=\"partial-copy text-left space-y-min\">\n  <p class=\"subhead subhead-1 mb-0`\" class=\"mb-0`\">\n    2018 Despenalizaci\u00f3n de la venta ambulante\n  <\/p> \n  <div class=\"partial-copy--lead-copy\">\n              <div class=\"partial-copy--copy\"><p>Tras a\u00f1os de organizaci\u00f3n y defensa, se presiona a la ciudad de Los \u00c1ngeles para que elimine las sanciones penales por el acto de vender en las aceras.<\/p>\n<\/div>\n      <\/div>\n<\/div>          <\/li>\n                  <li aria-label=\"La Ley 946 del Senado de 2019 legaliza la venta ambulante\" class=\"border-b-[3px] border-black last:border-none\">\n                        \n\n                                    <div data-repeater=\"false\" class=\"partial-copy text-left space-y-min\">\n  <p class=\"subhead subhead-1 mb-0`\" class=\"mb-0`\">\n    La Ley 946 del Senado de 2019 legaliza la venta ambulante\n  <\/p> \n  <div class=\"partial-copy--lead-copy\">\n              <div class=\"partial-copy--copy\"><p>Inmediatamente despu\u00e9s de la despenalizaci\u00f3n, nuestra coalici\u00f3n obliga a la ciudad de Los \u00c1ngeles a crear normas y reglamentos claros para la venta ambulante legal. Siguen existiendo algunas restricciones y zonas de &#8220;no venta&#8221;.   <\/p>\n<\/div>\n      <\/div>\n<\/div>          <\/li>\n                  <li aria-label=\"2022 Se promulga la Ley 972 del Senado\" class=\"border-b-[3px] border-black last:border-none\">\n                        \n\n                                    <div data-repeater=\"false\" class=\"partial-copy text-left space-y-min\">\n  <p class=\"subhead subhead-1 mb-0`\" class=\"mb-0`\">\n    2022 Se promulga la Ley 972 del Senado\n  <\/p> \n  <div class=\"partial-copy--lead-copy\">\n              <div class=\"partial-copy--copy\"><p>El programa piloto de venta ambulante despega en el condado de Los \u00c1ngeles, abriendo el camino a una defensa cr\u00edtica en todo el estado para abordar las desigualdades en el C\u00f3digo de Venta de Alimentos de California que rige la aplicaci\u00f3n municipal. El gobernador Gavin Newsom firma la ley SB 972 el 23 de septiembre de 2022.   <\/p>\n<\/div>\n      <\/div>\n<\/div>          <\/li>\n                  <li aria-label=\"2024 Se levantan las restricciones sobre las zonas \"sin venta\".\" class=\"border-b-[3px] border-black last:border-none\">\n                        \n\n                                    <div data-repeater=\"false\" class=\"partial-copy text-left space-y-min\">\n  <p class=\"subhead subhead-1 mb-0`\" class=\"mb-0`\">\n    2024 Se levantan las restricciones sobre las zonas &#8220;sin venta&#8221;.\n  <\/p> \n  <div class=\"partial-copy--lead-copy\">\n              <div class=\"partial-copy--copy\"><p>Tras la Ley 946 del Senado, segu\u00eda habiendo muchas restricciones sobre d\u00f3nde pod\u00edan operar legalmente los vendedores. Nuestra coalici\u00f3n demand\u00f3 con \u00e9xito al Ayuntamiento de Los \u00c1ngeles por incumplimiento, creando as\u00ed un panorama m\u00e1s seguro y equitativo para los vendedores ambulantes y los consumidores.   <\/p>\n<\/div>\n      <\/div>\n<\/div>          <\/li>\n              <\/ul>\n          <\/div>\n<\/section>\n<section class=\"section section--two-column grid-half\" \n  aria-label=\"Crear una estrategia\" \n  id=\"crear-una-estrategia\"\n>\n  <div class=\"bg-primary\">\n          <img loading=\"lazy\" decoding=\"async\" width=\"1200\" height=\"1256\" src=\"https:\/\/castreetvendors.org\/app\/uploads\/2024\/08\/Photo-Crop-1.jpg\" class=\"w-full rounded-image\" alt=\"A group of vendors in blue shirts.\" srcset=\"https:\/\/castreetvendors.org\/app\/uploads\/2024\/08\/Photo-Crop-1.jpg 1200w, https:\/\/castreetvendors.org\/app\/uploads\/2024\/08\/Photo-Crop-1-287x300.jpg 287w, https:\/\/castreetvendors.org\/app\/uploads\/2024\/08\/Photo-Crop-1-978x1024.jpg 978w, https:\/\/castreetvendors.org\/app\/uploads\/2024\/08\/Photo-Crop-1-768x804.jpg 768w\" sizes=\"(max-width: 1200px) 100vw, 1200px\" \/>      <\/div>\n  <div class=\"bg-primary mobile-first\">\n          <div class=\"self-center\"><div data-repeater=\"false\" class=\"partial-copy text-right space-y-inner\">\n  <p class=\"eyebrow\" >\n    Inicia un movimiento\n  <\/p>  <h2 class=\"display display-2\" >\n    Crear una estrategia\n  <\/h2> \n  <div class=\"partial-copy--lead-copy\">\n          <p class=\"partial-copy--lead\">Consejos sobre c\u00f3mo conectar con tus vecinos y empezar a actuar<\/p>\n              <div class=\"partial-copy--copy\"><p>Aprende a crear una estrategia de campa\u00f1a pol\u00edtica de base, con consejos sobre c\u00f3mo llegar a los vendedores, formar a los l\u00edderes de la comunidad y mucho m\u00e1s.<\/p>\n<\/div>\n      <\/div>\n  <p class=\"partial-copy--cta\">\n    <a class=\"button\" href=\"https:\/\/castreetvendors.org\/stories\/creating-a-strategy\/\" target=\"_self\" href=\"https:\/\/castreetvendors.org\/stories\/creating-a-strategy\/\" target=\"_self\">\n    Empieza a elaborar estrategias\n  <\/a>  <\/p>\n<\/div><\/div>\n      <\/div><\/section>\n<section class=\"section section--two-column grid-half\" \n  aria-label=\"Contar historias para el cambio\" \n  id=\"contar-historias-para-el-cambio\"\n>\n  <div class=\"bg-primary mobile-first\">\n          <div class=\"self-center\"><div data-repeater=\"false\" class=\"partial-copy text-left space-y-inner\">\n  <p class=\"eyebrow\" >\n    Afina tu voz\n  <\/p>  <h2 class=\"display display-2\" >\n    Contar historias para el cambio\n  <\/h2> \n  <div class=\"partial-copy--lead-copy\">\n          <p class=\"partial-copy--lead\">Una gu\u00eda sencilla sobre c\u00f3mo compartir tu &#8220;por qu\u00e9&#8221;<\/p>\n              <div class=\"partial-copy--copy\"><p>Explora c\u00f3mo las narrativas convincentes pueden inspirar movimientos, influir en la opini\u00f3n p\u00fablica e impulsar la acci\u00f3n hacia un cambio significativo.<\/p>\n<\/div>\n      <\/div>\n  <p class=\"partial-copy--cta\">\n    <a class=\"button\" href=\"https:\/\/castreetvendors.org\/stories\/storytelling-to-affect-change\/\" target=\"_self\" href=\"https:\/\/castreetvendors.org\/stories\/storytelling-to-affect-change\/\" target=\"_self\">\n    Leer consejos para contar historias\n  <\/a>  <\/p>\n<\/div><\/div>\n      <\/div>\n  <div class=\"bg-primary\">\n          <img loading=\"lazy\" decoding=\"async\" width=\"1200\" height=\"1256\" src=\"https:\/\/castreetvendors.org\/app\/uploads\/2024\/08\/Photo-Crop-4.jpg\" class=\"w-full rounded-image\" alt=\"Two women grilling meat.\" srcset=\"https:\/\/castreetvendors.org\/app\/uploads\/2024\/08\/Photo-Crop-4.jpg 1200w, https:\/\/castreetvendors.org\/app\/uploads\/2024\/08\/Photo-Crop-4-287x300.jpg 287w, https:\/\/castreetvendors.org\/app\/uploads\/2024\/08\/Photo-Crop-4-978x1024.jpg 978w, https:\/\/castreetvendors.org\/app\/uploads\/2024\/08\/Photo-Crop-4-768x804.jpg 768w\" sizes=\"(max-width: 1200px) 100vw, 1200px\" \/>\n      <\/div><\/section>\n<section class=\"section section--accordion bg-white\"\n  aria-label=\"M\u00e1s consejos organizativos profesionales\" \n  id=\"mas-consejos-organizativos-profesionales\"\n>\n  <div class=\"fluid-container grid-12\">\n    <div class=\"col-narrow\">\n      <div data-repeater=\"false\" class=\"partial-copy mb-half text-left space-y-inner\">\n  <p class=\"eyebrow\" >\n    Recursos adicionales\n  <\/p>  <h2 class=\"display display-2\" >\n    M\u00e1s consejos organizativos profesionales\n  <\/h2> \n  <div class=\"partial-copy--lead-copy\">\n          <p class=\"partial-copy--lead\">Consulta a\u00fan m\u00e1s recursos de organizaci\u00f3n creados por y para defensores.<\/p>\n              <div class=\"partial-copy--copy\"><p>Recuerda que cada comunidad es diferente. Personaliza y perfecciona estos consejos y plantillas para que se adapten mejor a ti, a tu barrio y a tus objetivos. <\/p>\n<\/div>\n      <\/div>\n<\/div>      <div class=\"accordion--panels w-full pt-half\">\n                  <ul class=\"ml-0 mt-4 md:mt-8 lg:mt-0 list-none\" data-controller=\"accordion\" data-accordion-open-first-value=\"false\" aria-label=\"M\u00e1s consejos organizativos profesionales\">\n                          <li class=\"accordion \n                relative -mt-px transition-all\n                w-[calc(100%+2rem)] -ml-4\n                before:accordion-border before:top-0\n                last:after:accordion-border last:after:bottom-0\n              \">\n                <button class=\"accordion--title\n                    relative w-full flex justify-between items-baseline text-left p-4 transition rounded-button z-content\n                    hover:bg-var-btn-bg hover:text-var-btn-text\n                    -outline-offset-[.125rem] focus:outline-[.125rem] outline-var-btn-solid-fill\n                  \"\n                  id=\"accordion-mas-consejos-organizativos-profesionales-0\"\n                  data-action=\"accordion#togglePanel\" \n                  data-panel-index=\"0\" \n                  aria-expanded=\"false\"\n                  aria-controls=\"panel-1\"\n                  data-accordion-target=\"button\" >\n                  <h3 class=\"subhead subhead-1 flex mb-0 transition space-x-narrow\" class=\"flex mb-0 transition space-x-narrow\">\n    <span>01<\/span>\n                    <span>Noticias: Los vendedores ambulantes de Los \u00c1ngeles celebran la victoria<\/span>\n  <\/h3>\n                  <div class=\"indicator w-10 flex self-center justify-end\">\n                    <svg class=\"w-6 h-6 text-var-text\" aria-hidden=\"true\" focusable=\"false\" role=\"img\"\n  xmlns=\"http:\/\/www.w3.org\/2000\/svg\" viewBox=\"0 0 24 24\" class=\"transition\">\n  <path \n    class=\"origin-center transition\" stroke=\"currentColor\" fill=\"currentColor\" \n    data-accordion-target=\"icon\" data-turn=\"45\"\n    d=\"M13 3C13 2.44772 12.5523 2 12 2C11.4477 2 11 2.44772 11 3V11H3C2.44772 11 2 11.4477 2 12C2 12.5523 2.44772 13 3 13H11V21C11 21.5523 11.4477 22 12 22C12.5523 22 13 21.5523 13 21V13H21C21.5523 13 22 12.5523 22 12C22 11.4477 21.5523 11 21 11H13V3Z\" \/>\n<\/svg>\n                  <\/div>\n                <\/button>\n\n                                  <article \n                    id=\"panel-mas-consejos-organizativos-profesionales-1\" \n                    class=\"accordion--copy transition-all overflow-hidden leading-6 text-[1.15rem] flex flex-col lg:flex-row px-4 gap-wide\" \n                    data-accordion-target=\"panel\" \n                    data-index=\"0\" \n                    style=\"max-height: 0px;\"\n                    aria-describedby=\"accordion-mas-consejos-organizativos-profesionales-0\"\n                  >\n                    <div class=\"copy flex-1\">\n                      <p class=\"body-1 font-bold\">Los vendedores ambulantes se alegran de que la ciudad de Los \u00c1ngeles elimine las restricciones impuestas anteriormente, lo que supone un importante triunfo para su comunidad.<\/p>                      <p>En una importante victoria para los vendedores ambulantes de Los \u00c1ngeles, la ciudad aboli\u00f3 su restrictiva normativa sobre venta ambulante, permitiendo a los vendedores m\u00e1s libertad para operar. La medida llega tras a\u00f1os de defensa y protestas de los vendedores, que argumentaban que las restricciones eran excesivamente duras y econ\u00f3micamente perjudiciales. Se trata de una victoria fundamental para la comunidad de vendedores ambulantes, que allana el camino a pol\u00edticas m\u00e1s integradoras y solidarias.  <\/p>\n\n                                              <p class=\"mt-8\">\n                          <a class=\"button     mb-1\" href=\"https:\/\/la.streetsblog.org\/2024\/07\/22\/l-a-street-vendors-celebrate-removal-of-no-vending-restrictions-in-huge-win-against-city\" target=\"_blank\" class=\"mb-1\" href=\"https:\/\/la.streetsblog.org\/2024\/07\/22\/l-a-street-vendors-celebrate-removal-of-no-vending-restrictions-in-huge-win-against-city\" target=\"_blank\">\n    Lee el art\u00edculo de StreetsBlog LA\n  <\/a>                        <\/p>\n                                          <\/div>\n                                      <\/article>\n                              <\/li>\n                          <li class=\"accordion \n                relative -mt-px transition-all\n                w-[calc(100%+2rem)] -ml-4\n                before:accordion-border before:top-0\n                last:after:accordion-border last:after:bottom-0\n              \">\n                <button class=\"accordion--title\n                    relative w-full flex justify-between items-baseline text-left p-4 transition rounded-button z-content\n                    hover:bg-var-btn-bg hover:text-var-btn-text\n                    -outline-offset-[.125rem] focus:outline-[.125rem] outline-var-btn-solid-fill\n                  \"\n                  id=\"accordion-mas-consejos-organizativos-profesionales-1\"\n                  data-action=\"accordion#togglePanel\" \n                  data-panel-index=\"1\" \n                  aria-expanded=\"false\"\n                  aria-controls=\"panel-2\"\n                  data-accordion-target=\"button\" >\n                  <h3 class=\"subhead subhead-1 flex mb-0 transition space-x-narrow\" class=\"flex mb-0 transition space-x-narrow\">\n    <span>02<\/span>\n                    <span>Podcast: Los tacos y la historia de la venta ambulante<\/span>\n  <\/h3>\n                  <div class=\"indicator w-10 flex self-center justify-end\">\n                    <svg class=\"w-6 h-6 text-var-text\" aria-hidden=\"true\" focusable=\"false\" role=\"img\"\n  xmlns=\"http:\/\/www.w3.org\/2000\/svg\" viewBox=\"0 0 24 24\" class=\"transition\">\n  <path \n    class=\"origin-center transition\" stroke=\"currentColor\" fill=\"currentColor\" \n    data-accordion-target=\"icon\" data-turn=\"45\"\n    d=\"M13 3C13 2.44772 12.5523 2 12 2C11.4477 2 11 2.44772 11 3V11H3C2.44772 11 2 11.4477 2 12C2 12.5523 2.44772 13 3 13H11V21C11 21.5523 11.4477 22 12 22C12.5523 22 13 21.5523 13 21V13H21C21.5523 13 22 12.5523 22 12C22 11.4477 21.5523 11 21 11H13V3Z\" \/>\n<\/svg>\n                  <\/div>\n                <\/button>\n\n                                  <article \n                    id=\"panel-mas-consejos-organizativos-profesionales-2\" \n                    class=\"accordion--copy transition-all overflow-hidden leading-6 text-[1.15rem] flex flex-col lg:flex-row px-4 gap-wide\" \n                    data-accordion-target=\"panel\" \n                    data-index=\"1\" \n                    style=\"max-height: 0px;\"\n                    aria-describedby=\"accordion-mas-consejos-organizativos-profesionales-1\"\n                  >\n                    <div class=\"copy flex-1\">\n                      <p class=\"body-1 font-bold\">Este episodio profundiza en el pasado de la venta ambulante, el viaje cultural del taco y los esfuerzos de Acci\u00f3n Inclusiva por la Ciudad.<\/p>                      <p>Eva y Maite trazan la evoluci\u00f3n de la venta ambulante y del taco, revelando sus profundas ra\u00edces culturales. Rudy Espinoza, de Acci\u00f3n Inclusiva por la Ciudad, habla de c\u00f3mo su organizaci\u00f3n apoya a los vendedores ambulantes de Los \u00c1ngeles. El episodio tambi\u00e9n incluye una visita al Distrito Pi\u00f1ata, en el centro de Los \u00c1ngeles, donde la activista Merced S\u00e1nchez comparte sus ideas sobre la intersecci\u00f3n entre activismo y esp\u00edritu empresarial. Las lecturas recomendadas incluyen obras de Jeffery Pilcher, Farley Elliott y Sarah Portnoy sobre el tema.   <\/p>\n\n                                              <p class=\"mt-8\">\n                          <a class=\"button     mb-1\" href=\"https:\/\/open.spotify.com\/episode\/01OWV6vH2AUqlXvCp02AIT\" target=\"_blank\" class=\"mb-1\" href=\"https:\/\/open.spotify.com\/episode\/01OWV6vH2AUqlXvCp02AIT\" target=\"_blank\">\n    Escucha este episodio\n  <\/a>                        <\/p>\n                                          <\/div>\n                                      <\/article>\n                              <\/li>\n                      <\/ul>\n              <\/div>\n    <\/div>\n  <\/div>\n<\/section>\n<section class=\"section section--image-card-repeater bg-dark\"\n   aria-label=\"M\u00e1s por explorar\" id=\"mas-por-explorar\"\n>\n  <div class=\"fluid-container\">\n    <div class=\"fluid-container grid-12 col-span-full row-span-full z-content partials--one-column\">\n  <div class=\"col-narrow\">\n    <div data-repeater=\"false\" class=\"partial-copy mb-half text-center space-y-inner pb-0\">\n  <p class=\"eyebrow\" >\n    Recursos para vendedores ambulantes y organizadores\n  <\/p>  <h2 class=\"display display-2\" >\n    M\u00e1s por explorar\n  <\/h2><\/div>  <\/div>\n<\/div>    <ul class=\"grid list-none ml-0 pt-half gap-wide lg:auto-cols-fr lg:grid-flow-col\">\n                      <li class=\"\">\n\n          <div class=\"component--card justify-end\" class=\"justify-end\">\n\n      <a href=\"https:\/\/castreetvendors.org\/know-your-rights\/\" target=\"\" aria-label=\"Conoce tus derechos\"\n      class=\"card group card-image bg-dark\"\n    >\n          <div class=\"component--card-image aspect-[860\/640] w-full\">\n                <img loading=\"lazy\" decoding=\"async\" width=\"1200\" height=\"1256\" src=\"https:\/\/castreetvendors.org\/app\/uploads\/2024\/08\/Photo-Crop-5.jpg\" class=\"w-full h-full object-cover transition duration-[0.420s] lg:group-hover:scale-[1.0420]\" alt=\"\" srcset=\"https:\/\/castreetvendors.org\/app\/uploads\/2024\/08\/Photo-Crop-5.jpg 1200w, https:\/\/castreetvendors.org\/app\/uploads\/2024\/08\/Photo-Crop-5-287x300.jpg 287w, https:\/\/castreetvendors.org\/app\/uploads\/2024\/08\/Photo-Crop-5-978x1024.jpg 978w, https:\/\/castreetvendors.org\/app\/uploads\/2024\/08\/Photo-Crop-5-768x804.jpg 768w\" sizes=\"(max-width: 1200px) 100vw, 1200px\" \/>      <\/div>\n        <div data-repeater=\"true\" class=\"partial-copy text-stretch is-repeater space-y-min in-card component--card-copy\">\n  <p class=\"eyebrow\" >\n    Empoderamiento\n  <\/p>  <p class=\"subhead subhead-1 mb-0`\" class=\"mb-0`\">\n    Conoce tus derechos\n  <\/p> \n  <div class=\"partial-copy--lead-copy\">\n              <div class=\"partial-copy--copy\"><p>Estos consejos y gu\u00edas te ayudar\u00e1n a asegurarte de que tu tienda es legal, a defenderte en la calle y a organizar campa\u00f1as pol\u00edticas locales.<\/p>\n<\/div>\n      <\/div>\n  <p class=\"partial-copy--cta\">\n    <span class=\"button  button-icon\" href=\"https:\/\/castreetvendors.org\/know-your-rights\/\" target=\"_self\" href=\"https:\/\/castreetvendors.org\/know-your-rights\/\" target=\"_self\">\n      <span class=\"text\">\n    Consejos para protegerte\n          <\/span>\n        <span class=\"img\">\n      <svg width=\"24\" height=\"24\" viewBox=\"0 0 24 24\" fill=\"none\" aria-label=\"right\"\n  xmlns=\"http:\/\/www.w3.org\/2000\/svg\">\n  <path d=\"M16.3152 16.668C15.9247 17.0585 15.9247 17.6917 16.3152 18.0822C16.7058 18.4728 17.3389 18.4728 17.7294 18.0822L22.395 13.4166C23.1761 12.6356 23.1761 11.3692 22.395 10.5882L17.7266 5.91978C17.3361 5.52926 16.7029 5.52926 16.3124 5.91978C15.9219 6.31031 15.9219 6.94347 16.3124 7.334L19.9784 11L1.99997 11C1.44769 11 0.999973 11.4477 0.999973 12C0.999973 12.5523 1.44769 13 1.99997 13L19.9832 13L16.3152 16.668Z\" fill=\"currentColor\"\/>\n<\/svg>    <\/span>\n  <\/span>  <\/p>\n<\/div>\n\n      <\/a>\n  <\/div>        <\/li>\n                      <li class=\"\">\n\n          <div class=\"component--card justify-end\" class=\"justify-end\">\n\n      <a href=\"https:\/\/castreetvendors.org\/vending-101\/\" target=\"\" aria-label=\"Vending 101\"\n      class=\"card group card-image bg-dark\"\n    >\n          <div class=\"component--card-image aspect-[860\/640] w-full\">\n                <img loading=\"lazy\" decoding=\"async\" width=\"1284\" height=\"856\" src=\"https:\/\/castreetvendors.org\/app\/uploads\/2022\/01\/Loni_CASV_241-scaled.jpg\" class=\"w-full h-full object-cover transition duration-[0.420s] lg:group-hover:scale-[1.0420]\" alt=\"Loni, Owner of Kalypso Ice\" srcset=\"https:\/\/castreetvendors.org\/app\/uploads\/2022\/01\/Loni_CASV_241-scaled.jpg 2560w, https:\/\/castreetvendors.org\/app\/uploads\/2022\/01\/Loni_CASV_241-300x200.jpg 300w, https:\/\/castreetvendors.org\/app\/uploads\/2022\/01\/Loni_CASV_241-1024x683.jpg 1024w, https:\/\/castreetvendors.org\/app\/uploads\/2022\/01\/Loni_CASV_241-768x512.jpg 768w, https:\/\/castreetvendors.org\/app\/uploads\/2022\/01\/Loni_CASV_241-1536x1024.jpg 1536w, https:\/\/castreetvendors.org\/app\/uploads\/2022\/01\/Loni_CASV_241-2048x1366.jpg 2048w\" sizes=\"(max-width: 1284px) 100vw, 1284px\" \/>      <\/div>\n        <div data-repeater=\"true\" class=\"partial-copy text-stretch is-repeater space-y-min in-card component--card-copy\">\n  <p class=\"eyebrow\" >\n    C\u00f3mo empezar\n  <\/p>  <p class=\"subhead subhead-1 mb-0`\" class=\"mb-0`\">\n    Vending 101\n  <\/p> \n  <div class=\"partial-copy--lead-copy\">\n              <div class=\"partial-copy--copy\"><p>Navegar por los permisos, licencias y detalles t\u00e9cnicos de una operaci\u00f3n de venta ambulante puede ser complicado. Algunos compa\u00f1eros vendedores han reunido algunos recursos sencillos para ayudarte a ponerte en marcha. <\/p>\n<\/div>\n      <\/div>\n  <p class=\"partial-copy--cta\">\n    <span class=\"button  button-icon\" href=\"https:\/\/castreetvendors.org\/vending-101\/\" target=\"_self\" href=\"https:\/\/castreetvendors.org\/vending-101\/\" target=\"_self\">\n      <span class=\"text\">\n    Empieza a vender\n          <\/span>\n        <span class=\"img\">\n      <svg width=\"24\" height=\"24\" viewBox=\"0 0 24 24\" fill=\"none\" aria-label=\"right\"\n  xmlns=\"http:\/\/www.w3.org\/2000\/svg\">\n  <path d=\"M16.3152 16.668C15.9247 17.0585 15.9247 17.6917 16.3152 18.0822C16.7058 18.4728 17.3389 18.4728 17.7294 18.0822L22.395 13.4166C23.1761 12.6356 23.1761 11.3692 22.395 10.5882L17.7266 5.91978C17.3361 5.52926 16.7029 5.52926 16.3124 5.91978C15.9219 6.31031 15.9219 6.94347 16.3124 7.334L19.9784 11L1.99997 11C1.44769 11 0.999973 11.4477 0.999973 12C0.999973 12.5523 1.44769 13 1.99997 13L19.9832 13L16.3152 16.668Z\" fill=\"currentColor\"\/>\n<\/svg>    <\/span>\n  <\/span>  <\/p>\n<\/div>\n\n      <\/a>\n  <\/div>        <\/li>\n          <\/ul>\n  <\/div>\n<\/section>\n<section class=\"section section--two-column grid-half\" \n  aria-label=\"\u00danete a nuestra comunidad\" \n  id=\"unete-a-nuestra-comunidad\"\n>\n  <div class=\"bg-accent mobile-first\">\n          <div class=\"self-center\"><div data-repeater=\"false\" class=\"partial-copy text-left space-y-inner\">\n  <p class=\"eyebrow\" >\n    Construir un movimiento\n  <\/p>  <h2 class=\"display display-2\" >\n    \u00danete a nuestra comunidad\n  <\/h2> \n  <div class=\"partial-copy--lead-copy\">\n          <p class=\"partial-copy--lead\">Somos una coalici\u00f3n de vendedores ambulantes, organizadores y gente corriente.<\/p>\n              <div class=\"partial-copy--copy\"><p>A\u00f1ade tu nombre a nuestra lista de correo electr\u00f3nico para ser el primero en enterarte de las oportunidades y talleres de defensa, y recibir recursos y actualizaciones sobre el movimiento de venta ambulante en todo el estado.<\/p>\n<\/div>\n      <\/div>\n<\/div><\/div>\n      <\/div>\n  <div class=\"bg-accent\">\n      <\/div><\/section>\n","protected":false},"excerpt":{"rendered":"","protected":false},"author":7,"featured_media":0,"parent":0,"menu_order":0,"comment_status":"closed","ping_status":"closed","template":"","meta":{"_acf_changed":false,"inline_featured_image":false,"footnotes":""},"acf":[],"_links":{"self":[{"href":"https:\/\/castreetvendors.org\/es\/wp-json\/wp\/v2\/pages\/880"}],"collection":[{"href":"https:\/\/castreetvendors.org\/es\/wp-json\/wp\/v2\/pages"}],"about":[{"href":"https:\/\/castreetvendors.org\/es\/wp-json\/wp\/v2\/types\/page"}],"author":[{"embeddable":true,"href":"https:\/\/castreetvendors.org\/es\/wp-json\/wp\/v2\/users\/7"}],"replies":[{"embeddable":true,"href":"https:\/\/castreetvendors.org\/es\/wp-json\/wp\/v2\/comments?post=880"}],"version-history":[{"count":1,"href":"https:\/\/castreetvendors.org\/es\/wp-json\/wp\/v2\/pages\/880\/revisions"}],"predecessor-version":[{"id":881,"href":"https:\/\/castreetvendors.org\/es\/wp-json\/wp\/v2\/pages\/880\/revisions\/881"}],"wp:attachment":[{"href":"https:\/\/castreetvendors.org\/es\/wp-json\/wp\/v2\/media?parent=880"}],"curies":[{"name":"wp","href":"https:\/\/api.w.org\/{rel}","templated":true}]}}